{"id":25,"date":"2017-12-27T21:00:50","date_gmt":"2017-12-27T21:00:50","guid":{"rendered":"https:\/\/moertl.ch\/cmk\/?page_id=25"},"modified":"2025-02-22T10:24:28","modified_gmt":"2025-02-22T10:24:28","slug":"mein-werdegang","status":"publish","type":"page","link":"https:\/\/moertl.ch\/cmk\/mein-werdegang\/","title":{"rendered":"Zu meiner Person"},"content":{"rendered":"<p><strong>Meine Einfl\u00fcsse:<\/strong><\/p>\n<p>W\u00e4hrend \u00fcber 20 Jahren hatte ich das Privileg, mit vielen <strong>tollen Trainern<\/strong> zusammenarbeiten zu d\u00fcrfen. Hierzu z\u00e4hlen grosse Namen der hiesigen Dressurszene wie Bernhard Scheu, Hans Staub und Christine St\u00fcckelberger, sowie international erfolgreiche Reiter wie Brett Parbery (AUS) und Kasper Olsen (DK). Viel profitieren durfte ich u.a. auch von der Unterst\u00fctzung von internationalen Dressurrichtern wie Peter Holler (DE), Irene Bakels (AUS) und Minako Furuoka (JPN).<\/p>\n<p>Seit einigen Jahren trainiere ich nun bei <a href=\"https:\/\/www.lenherr-sportpferde.ch\/\"><strong>Tiggy Lenherr<\/strong><\/a>. Diese grossartige Reiterin \u00fcberzeugt t\u00e4glich mit ihrem unglaublichen Feingef\u00fchl und einzigartigem Talent, f\u00fcr jedes Pferd ein massgeschneidertes Training zu zaubern. Tiggys enormes Fachwissen und Sinn f\u00fcr Detail lehren mich t\u00e4glich Neues. Ihre Freude an den Pferden und ihre Selbstdisziplin sind einfach ansteckend.<\/p>\n<p>W\u00e4hrend dieser Zeit habe ich auch die M\u00f6glichkeit ergriffen, \u00fcber ein Jahr (2021\u20132022) im <a href=\"https:\/\/www.lenherr-sportpferde.ch\/\">Stall von Tiggy und J\u00fcrg Lenherr<\/a> zu arbeiten. Die Anstellung als Bereiterin in diesem \u00e4usserst professionellen Ausbildungs- und Handelsstall war sehr lehrreich und eindr\u00fccklich.<\/p>\n<p><strong>Mein Werdegang:<\/strong><\/p>\n<p>Nach erfolgreichem <strong>Abschluss eines Bachelors und Masters in Law HSG<\/strong> im 2016 bin ich selbstst\u00e4ndig im Pferdesport t\u00e4tig. Hierbei besch\u00e4ftige ich mich mit der <strong>Ausbildung von Pferd<\/strong> (d.h. deren Aus- bzw. Weiterbildung, der Umschulung von Korrekturpferden, bis hin zu deren Vorf\u00fchren auf Turnieren) <strong>und Reiter<\/strong> (in Form von Dressurunterricht, Turnierbetreuung, Kursen und dergleichen).<\/p>\n<p>Meine Jahre im Reitsport waren, zu meiner grossen Freude, auch von vielen <strong>Turniererfolgen<\/strong> gepr\u00e4gt. Diese umfassten zahlreiche Platzierungen vom GA-Niveau mit Jungpferden bis hin zu FEI St. Georg\/Intermediaire I Erfolgen. Es bereitet mit grosse Freude meine eigenen Pferde,\u00a0sowie jene meiner Kunden, pr\u00e4sentieren zu d\u00fcrfen und zu sehen, wie sie sich st\u00e4ndig weiterentwickeln und an Selbstvertrauen gewinnen.<\/p>\n<div style=\"margin: auto; margin-top: 100px; display: table;\">\n<div id='gallery-1' class='gallery galleryid-25 gallery-columns-3 gallery-size-large'><figure class='gallery-item'>\n\t\t\t<div class='gallery-icon portrait'>\n\t\t\t\t<a href='https:\/\/moertl.ch\/cmk\/mein-werdegang\/scan-15-2\/'><img loading=\"lazy\" decoding=\"async\" width=\"648\" height=\"1012\" src=\"https:\/\/moertl.ch\/cmk\/wp-content\/uploads\/2018\/03\/Scan-15-1-656x1024.jpeg\" class=\"attachment-large size-large\" alt=\"\" srcset=\"https:\/\/moertl.ch\/cmk\/wp-content\/uploads\/2018\/03\/Scan-15-1-656x1024.jpeg 656w, https:\/\/moertl.ch\/cmk\/wp-content\/uploads\/2018\/03\/Scan-15-1-192x300.jpeg 192w, https:\/\/moertl.ch\/cmk\/wp-content\/uploads\/2018\/03\/Scan-15-1-768x1199.jpeg 768w, https:\/\/moertl.ch\/cmk\/wp-content\/uploads\/2018\/03\/Scan-15-1-648x1011.jpeg 648w, https:\/\/moertl.ch\/cmk\/wp-content\/uploads\/2018\/03\/Scan-15-1-123x192.jpeg 123w\" sizes=\"auto, (max-width: 648px) 100vw, 648px\" \/><\/a>\n\t\t\t<\/div><\/figure><figure class='gallery-item'>\n\t\t\t<div class='gallery-icon portrait'>\n\t\t\t\t<a href='https:\/\/moertl.ch\/cmk\/mein-werdegang\/scan-17\/'><img loading=\"lazy\" decoding=\"async\" width=\"648\" height=\"933\" src=\"https:\/\/moertl.ch\/cmk\/wp-content\/uploads\/2018\/03\/Scan-17-711x1024.jpeg\" class=\"attachment-large size-large\" alt=\"\" srcset=\"https:\/\/moertl.ch\/cmk\/wp-content\/uploads\/2018\/03\/Scan-17-711x1024.jpeg 711w, https:\/\/moertl.ch\/cmk\/wp-content\/uploads\/2018\/03\/Scan-17-208x300.jpeg 208w, https:\/\/moertl.ch\/cmk\/wp-content\/uploads\/2018\/03\/Scan-17-768x1105.jpeg 768w, https:\/\/moertl.ch\/cmk\/wp-content\/uploads\/2018\/03\/Scan-17-648x933.jpeg 648w, https:\/\/moertl.ch\/cmk\/wp-content\/uploads\/2018\/03\/Scan-17-133x192.jpeg 133w\" sizes=\"auto, (max-width: 648px) 100vw, 648px\" \/><\/a>\n\t\t\t<\/div><\/figure><figure class='gallery-item'>\n\t\t\t<div class='gallery-icon portrait'>\n\t\t\t\t<a href='https:\/\/moertl.ch\/cmk\/mein-werdegang\/scan-16\/'><img loading=\"lazy\" decoding=\"async\" width=\"648\" height=\"931\" src=\"https:\/\/moertl.ch\/cmk\/wp-content\/uploads\/2018\/03\/Scan-16-713x1024.jpeg\" class=\"attachment-large size-large\" alt=\"\" srcset=\"https:\/\/moertl.ch\/cmk\/wp-content\/uploads\/2018\/03\/Scan-16-713x1024.jpeg 713w, https:\/\/moertl.ch\/cmk\/wp-content\/uploads\/2018\/03\/Scan-16-209x300.jpeg 209w, https:\/\/moertl.ch\/cmk\/wp-content\/uploads\/2018\/03\/Scan-16-768x1103.jpeg 768w, https:\/\/moertl.ch\/cmk\/wp-content\/uploads\/2018\/03\/Scan-16-648x931.jpeg 648w, https:\/\/moertl.ch\/cmk\/wp-content\/uploads\/2018\/03\/Scan-16-134x192.jpeg 134w\" sizes=\"auto, (max-width: 648px) 100vw, 648px\" \/><\/a>\n\t\t\t<\/div><\/figure>\n\t\t<\/div>\n\n<div id=\"eFrame-40aacffe972370e9f92b14c9\" class=\"m-encrypt-frame\" style=\"top: 1423px; left: 448.25px; display: block;\"><a class=\"m-frame-close\">\u00d7<\/a><button id=\"editorBtn\" class=\"m-btn m-encrypt-button\" type=\"button\"><i class=\"m-icon m-icon-editor\"><\/i><\/button><\/div>\n<\/div>\n","protected":false},"excerpt":{"rendered":"<p>Meine Einfl\u00fcsse: W\u00e4hrend \u00fcber 20 Jahren hatte ich das Privileg, mit vielen tollen Trainern zusammenarbeiten zu d\u00fcrfen. Hierzu z\u00e4hlen grosse Namen der hiesigen Dressurszene wie Bernhard Scheu, Hans Staub und Christine St\u00fcckelberger, sowie international erfolgreiche Reiter wie Brett Parbery (AUS) und Kasper Olsen (DK). Viel profitieren durfte ich u.a. auch von der Unterst\u00fctzung von internationalen &hellip; <a href=\"https:\/\/moertl.ch\/cmk\/mein-werdegang\/\" class=\"more-link\"><span class=\"screen-reader-text\">Zu meiner Person<\/span> weiterlesen<\/a><\/p>\n","protected":false},"author":1,"featured_media":325,"parent":0,"menu_order":0,"comment_status":"closed","ping_status":"closed","template":"page-templates\/full-width-page.php","meta":{"footnotes":""},"class_list":["post-25","page","type-page","status-publish","has-post-thumbnail","hentry"],"jetpack_sharing_enabled":true,"_links":{"self":[{"href":"https:\/\/moertl.ch\/cmk\/wp-json\/wp\/v2\/pages\/25","targetHints":{"allow":["GET"]}}],"collection":[{"href":"https:\/\/moertl.ch\/cmk\/wp-json\/wp\/v2\/pages"}],"about":[{"href":"https:\/\/moertl.ch\/cmk\/wp-json\/wp\/v2\/types\/page"}],"author":[{"embeddable":true,"href":"https:\/\/moertl.ch\/cmk\/wp-json\/wp\/v2\/users\/1"}],"replies":[{"embeddable":true,"href":"https:\/\/moertl.ch\/cmk\/wp-json\/wp\/v2\/comments?post=25"}],"version-history":[{"count":29,"href":"https:\/\/moertl.ch\/cmk\/wp-json\/wp\/v2\/pages\/25\/revisions"}],"predecessor-version":[{"id":389,"href":"https:\/\/moertl.ch\/cmk\/wp-json\/wp\/v2\/pages\/25\/revisions\/389"}],"wp:featuredmedia":[{"embeddable":true,"href":"https:\/\/moertl.ch\/cmk\/wp-json\/wp\/v2\/media\/325"}],"wp:attachment":[{"href":"https:\/\/moertl.ch\/cmk\/wp-json\/wp\/v2\/media?parent=25"}],"curies":[{"name":"wp","href":"https:\/\/api.w.org\/{rel}","templated":true}]}}