{"id":28,"date":"2017-12-27T21:02:11","date_gmt":"2017-12-27T21:02:11","guid":{"rendered":"https:\/\/moertl.ch\/cmk\/?page_id=28"},"modified":"2024-05-08T10:06:52","modified_gmt":"2024-05-08T10:06:52","slug":"angebot","status":"publish","type":"page","link":"https:\/\/moertl.ch\/cmk\/angebot\/","title":{"rendered":"Angebot"},"content":{"rendered":"<p>Alle Pferdenarren sind gleichermassen willkommen, unabh\u00e4ngig von Ausbildungsstand, Alter oder Rasse ihres Lieblings. Nebst meinen Dressurreitern unterst\u00fctze gerne auch Springreiter, die ihre Springleistungen durch Dressurarbeit verbessern wollen, sowie Freizeitreiter, denen gutes und korrektes Reiten wichtig ist. Es ist also von allem etwas dabei!<\/p>\n<h2><strong>Reitstunden und Beritt<\/strong><\/h2>\n<p>Zur Zeit erstreckt sich mein T\u00e4tigkeitsgebiet von Z\u00fcrich, in den Kanton Thurgau, bis nach St. Gallen.<\/p>\n<p>Nebst dem Unterrichten umfasst meine T\u00e4tigkeit auch die Korrektur, Aus- und Weiterbildung von Pferden aller Alters- und Ausbildungsst\u00e4nde, sowie deren Pr\u00e4sentation an Turnieren.<\/p>\n<h2>Teil- und Vollberitt<\/h2>\n<p>Nach Vereinbarung m\u00f6glich.<\/p>\n","protected":false},"excerpt":{"rendered":"<p>Alle Pferdenarren sind gleichermassen willkommen, unabh\u00e4ngig von Ausbildungsstand, Alter oder Rasse ihres Lieblings. Nebst meinen Dressurreitern unterst\u00fctze gerne auch Springreiter, die ihre Springleistungen durch Dressurarbeit verbessern wollen, sowie Freizeitreiter, denen gutes und korrektes Reiten wichtig ist. Es ist also von allem etwas dabei! Reitstunden und Beritt Zur Zeit erstreckt sich mein T\u00e4tigkeitsgebiet von Z\u00fcrich, in &hellip; <a href=\"https:\/\/moertl.ch\/cmk\/angebot\/\" class=\"more-link\"><span class=\"screen-reader-text\">Angebot<\/span> weiterlesen<\/a><\/p>\n","protected":false},"author":1,"featured_media":327,"parent":0,"menu_order":0,"comment_status":"closed","ping_status":"closed","template":"page-templates\/full-width-page.php","meta":{"footnotes":""},"class_list":["post-28","page","type-page","status-publish","has-post-thumbnail","hentry"],"jetpack_sharing_enabled":true,"_links":{"self":[{"href":"https:\/\/moertl.ch\/cmk\/wp-json\/wp\/v2\/pages\/28","targetHints":{"allow":["GET"]}}],"collection":[{"href":"https:\/\/moertl.ch\/cmk\/wp-json\/wp\/v2\/pages"}],"about":[{"href":"https:\/\/moertl.ch\/cmk\/wp-json\/wp\/v2\/types\/page"}],"author":[{"embeddable":true,"href":"https:\/\/moertl.ch\/cmk\/wp-json\/wp\/v2\/users\/1"}],"replies":[{"embeddable":true,"href":"https:\/\/moertl.ch\/cmk\/wp-json\/wp\/v2\/comments?post=28"}],"version-history":[{"count":21,"href":"https:\/\/moertl.ch\/cmk\/wp-json\/wp\/v2\/pages\/28\/revisions"}],"predecessor-version":[{"id":346,"href":"https:\/\/moertl.ch\/cmk\/wp-json\/wp\/v2\/pages\/28\/revisions\/346"}],"wp:featuredmedia":[{"embeddable":true,"href":"https:\/\/moertl.ch\/cmk\/wp-json\/wp\/v2\/media\/327"}],"wp:attachment":[{"href":"https:\/\/moertl.ch\/cmk\/wp-json\/wp\/v2\/media?parent=28"}],"curies":[{"name":"wp","href":"https:\/\/api.w.org\/{rel}","templated":true}]}}